{"id":4161,"date":"2016-10-25T09:33:49","date_gmt":"2016-10-25T09:33:49","guid":{"rendered":"http:\/\/beta.unitedthemes.com\/brooklyn-demo2\/?page_id=4161"},"modified":"2026-03-04T14:00:16","modified_gmt":"2026-03-04T03:00:16","slug":"front-page","status":"publish","type":"page","link":"https:\/\/heos-marine.com\/","title":{"rendered":"HEOS Marine | Vid\u00e9o &#038; Photographie"},"content":{"rendered":"<div class=\"wpb-content-wrapper\"><p>[vc_section css=\u00a0\u00bb.vc_custom_1678418427985{padding-top: 60px !important;padding-bottom: 0px !important;}\u00a0\u00bb el_id=\u00a0\u00bbfilmsetphotographies\u00a0\u00bb el_name=\u00a0\u00bb#filmsetphotographies\u00a0\u00bb][vc_row css=\u00a0\u00bb.vc_custom_1677224314797{margin-top: 0px !important;margin-bottom: 0px !important;border-top-width: 0px !important;border-bottom-width: 0px !important;padding-top: 40px !important;padding-bottom: 60px !important;}\u00a0\u00bb][vc_column]<div class=\"wpb_content_element \"><style type=\"text\/css\">#ut_header_69fb24f7ef9d1 h1.page-title { font-size:40px !important;letter-spacing:-0.05em; }#ut_header_69fb24f7ef9d1.pt-style-2 .page-title span:after, #ut_header_69fb24f7ef9d1.pt-style-2 .parallax-title span:after, #ut_header_69fb24f7ef9d1.pt-style-2 .section-title span:after { background-color:#0c4f89 !important;}<\/style><header id=\"ut_header_69fb24f7ef9d1\" class=\"page-header page-title-module  ut-no-title-linebreak-mobile ut-no-lead-linebreak-mobile pt-style-2 header-left header-tablet-left header-mobile-center\"><h1 data-title=\"Photographie &amp; films\"  data-responsive-font=\"page_title\" data-responsive-font-settings=\"{&quot;base-font-size&quot;:&quot;40&quot;,&quot;font-size-unit&quot;:&quot;px&quot;,&quot;font-size&quot;:{&quot;desktop_large&quot;:&quot;40&quot;},&quot;base-line-height&quot;:&quot;global&quot;,&quot;base-letter-spacing&quot;:&quot;global&quot;,&quot;letter-spacing&quot;:{&quot;desktop_large&quot;:&quot;-0.05&quot;}}\" class=\"page-title  \"><span>Photographie &amp; films<\/span><\/h1><\/header><\/div>[vc_row_inner gap=\u00a0\u00bb15&Prime;][vc_column_inner width=\u00a0\u00bb1\/3&Prime;]<div  class=\"wpb_content_element   clearfix\"><style type=\"text\/css\">#ut_am_69fb24f7f2a4a { opacity: 1; }#ut_am_wrap_69fb24f7f2a4b .ut-image-gallery-item-caption-title h3 { letter-spacing: -0.03em; }#ut_am_wrap_69fb24f7f2a4b .ut-gallery-slider-caption { font-weight: bold; }#ut_am_wrap_69fb24f7f2a4b { text-align: left; }@media (min-width: 768px) and (max-width: 1024px) { #ut_am_wrap_69fb24f7f2a4b { text-align: left !important; } }@media (max-width: 767px) { #ut_am_wrap_69fb24f7f2a4b { text-align: center !important; } }<\/style><div id=\"ut_am_wrap_69fb24f7f2a4b\" class=\"ut-image-gallery-image \"><div id=\"ut_reveal_69fb24f7f2a4c\"  data-appear-top-offset=\"auto\" class=\"ut-animated-image-item ut-image-gallery-item ut-animation-done \"><a target=\"_self\" href=\"https:\/\/heos-marine.com\/index.php\/portfolio-item\/institutionnel\/\" ><div class=\"ut-animated-image-zoom\"><img loading=\"lazy\" decoding=\"async\" class=\"ut-lazy skip-lazy ut-animated-image \"  id=\"ut_am_69fb24f7f2a4a\" src=\"data:image\/svg+xml;charset=utf-8,%3Csvg xmlns%3D'http%3A%2F%2Fwww.w3.org%2F2000%2Fsvg' viewBox%3D'0 0 1920 1281'%2F%3E\" data-src=\"https:\/\/heos-marine.com\/wp-content\/uploads\/2023\/02\/REF201412174949.Nicolas_Job.jpg\" width=\"1920\" height=\"1281\" alt=\"\"\/><\/div><\/a><\/div><\/div><\/div><div class=\"wpb_content_element \"><style type=\"text\/css\">#ut_header_69fb24f7f2c39 h3.page-title { font-size:20px !important;letter-spacing:-0.05em; }<\/style><header id=\"ut_header_69fb24f7f2c39\" class=\"page-header page-title-module  ut-no-title-linebreak-mobile ut-no-lead-linebreak-mobile pt-style-7 header-center header-tablet-center header-mobile-center\"><h3 data-title=\"Institutionnel\"  data-responsive-font=\"page_title\" data-responsive-font-settings=\"{&quot;base-font-size&quot;:&quot;20&quot;,&quot;font-size-unit&quot;:&quot;px&quot;,&quot;font-size&quot;:{&quot;desktop_large&quot;:&quot;20&quot;},&quot;base-line-height&quot;:&quot;global&quot;,&quot;base-letter-spacing&quot;:&quot;global&quot;,&quot;letter-spacing&quot;:{&quot;desktop_large&quot;:&quot;-0.05&quot;}}\" class=\"page-title  \"><span>Institutionnel<\/span><\/h3><\/header><\/div>[\/vc_column_inner][vc_column_inner width=\u00a0\u00bb1\/3&Prime;]<div  class=\"wpb_content_element   clearfix\"><style type=\"text\/css\">#ut_am_69fb24f7f330f { opacity: 1; }#ut_am_wrap_69fb24f7f3310 .ut-image-gallery-item-caption-title h3 { letter-spacing: -0.03em; }#ut_am_wrap_69fb24f7f3310 .ut-gallery-slider-caption { font-weight: bold; }#ut_am_wrap_69fb24f7f3310 { text-align: left; }@media (min-width: 768px) and (max-width: 1024px) { #ut_am_wrap_69fb24f7f3310 { text-align: left !important; } }@media (max-width: 767px) { #ut_am_wrap_69fb24f7f3310 { text-align: center !important; } }<\/style><div id=\"ut_am_wrap_69fb24f7f3310\" class=\"ut-image-gallery-image \"><div id=\"ut_reveal_69fb24f7f3311\"  data-appear-top-offset=\"auto\" class=\"ut-animated-image-item ut-image-gallery-item ut-animation-done \"><a target=\"_self\" href=\"https:\/\/heos-marine.com\/index.php\/portfolio-item\/scientifique\/\" ><div class=\"ut-animated-image-zoom\"><img loading=\"lazy\" decoding=\"async\" class=\"ut-lazy skip-lazy ut-animated-image \"  id=\"ut_am_69fb24f7f330f\" src=\"data:image\/svg+xml;charset=utf-8,%3Csvg xmlns%3D'http%3A%2F%2Fwww.w3.org%2F2000%2Fsvg' viewBox%3D'0 0 1920 1281'%2F%3E\" data-src=\"https:\/\/heos-marine.com\/wp-content\/uploads\/2018\/04\/REF202112088380.Nicolas_Job.jpg\" width=\"1920\" height=\"1281\" alt=\"\"\/><\/div><\/a><\/div><\/div><\/div><div class=\"wpb_content_element \"><style type=\"text\/css\">#ut_header_69fb24f7f34e9 h3.page-title { font-size:20px !important;letter-spacing:-0.05em; }<\/style><header id=\"ut_header_69fb24f7f34e9\" class=\"page-header page-title-module  ut-no-title-linebreak-mobile ut-no-lead-linebreak-mobile pt-style-7 header-center header-tablet-center header-mobile-center\"><h3 data-title=\"Scientifique\"  data-responsive-font=\"page_title\" data-responsive-font-settings=\"{&quot;base-font-size&quot;:&quot;20&quot;,&quot;font-size-unit&quot;:&quot;px&quot;,&quot;font-size&quot;:{&quot;desktop_large&quot;:&quot;20&quot;},&quot;base-line-height&quot;:&quot;global&quot;,&quot;base-letter-spacing&quot;:&quot;global&quot;,&quot;letter-spacing&quot;:{&quot;desktop_large&quot;:&quot;-0.05&quot;}}\" class=\"page-title  \"><span>Scientifique<\/span><\/h3><\/header><\/div>[\/vc_column_inner][vc_column_inner width=\u00a0\u00bb1\/3&Prime;]<div  class=\"wpb_content_element   clearfix\"><style type=\"text\/css\">#ut_am_69fb24f7f3b6f { opacity: 1; }#ut_am_wrap_69fb24f7f3b70 .ut-image-gallery-item-caption-title h3 { letter-spacing: -0.03em; }#ut_am_wrap_69fb24f7f3b70 .ut-gallery-slider-caption { font-weight: bold; }#ut_am_wrap_69fb24f7f3b70 { text-align: left; }@media (min-width: 768px) and (max-width: 1024px) { #ut_am_wrap_69fb24f7f3b70 { text-align: left !important; } }@media (max-width: 767px) { #ut_am_wrap_69fb24f7f3b70 { text-align: center !important; } }<\/style><div id=\"ut_am_wrap_69fb24f7f3b70\" class=\"ut-image-gallery-image \"><div id=\"ut_reveal_69fb24f7f3b71\"  data-appear-top-offset=\"auto\" class=\"ut-animated-image-item ut-image-gallery-item ut-animation-done \"><a target=\"_self\" href=\"https:\/\/heos-marine.com\/index.php\/portfolio-item\/sur-le-terrain\/\" ><div class=\"ut-animated-image-zoom\"><img loading=\"lazy\" decoding=\"async\" class=\"ut-lazy skip-lazy ut-animated-image \"  id=\"ut_am_69fb24f7f3b6f\" src=\"data:image\/svg+xml;charset=utf-8,%3Csvg xmlns%3D'http%3A%2F%2Fwww.w3.org%2F2000%2Fsvg' viewBox%3D'0 0 1920 1281'%2F%3E\" data-src=\"https:\/\/heos-marine.com\/wp-content\/uploads\/2023\/02\/REF202209016450.Nicolas_Job.jpg\" width=\"1920\" height=\"1281\" alt=\"\"\/><\/div><\/a><\/div><\/div><\/div><div class=\"wpb_content_element \"><style type=\"text\/css\">#ut_header_69fb24f7f3d45 h3.page-title { font-size:20px !important;letter-spacing:-0.05em; }<\/style><header id=\"ut_header_69fb24f7f3d45\" class=\"page-header page-title-module  ut-no-title-linebreak-mobile ut-no-lead-linebreak-mobile pt-style-7 header-center header-tablet-center header-mobile-center\"><h3 data-title=\"Sur le terrain\"  data-responsive-font=\"page_title\" data-responsive-font-settings=\"{&quot;base-font-size&quot;:&quot;20&quot;,&quot;font-size-unit&quot;:&quot;px&quot;,&quot;font-size&quot;:{&quot;desktop_large&quot;:&quot;20&quot;},&quot;base-line-height&quot;:&quot;global&quot;,&quot;base-letter-spacing&quot;:&quot;global&quot;,&quot;letter-spacing&quot;:{&quot;desktop_large&quot;:&quot;-0.05&quot;}}\" class=\"page-title  \"><span>Sur le terrain<\/span><\/h3><\/header><\/div>[\/vc_column_inner][\/vc_row_inner][\/vc_column][\/vc_row][vc_row css=\u00a0\u00bb.vc_custom_1677223837862{margin-top: 0px !important;margin-bottom: 0px !important;border-top-width: 0px !important;border-bottom-width: 0px !important;padding-top: 60px !important;padding-bottom: 60px !important;background-color: #e2e2e2 !important;}\u00a0\u00bb][vc_column][vc_row_inner gap=\u00a0\u00bb15&Prime;][vc_column_inner width=\u00a0\u00bb1\/2&Prime;]<div class=\"wpb_content_element \"><style type=\"text\/css\">#ut_header_69fb24f80040f h1.page-title { font-size:40px !important;letter-spacing:-0.05em; }#ut_header_69fb24f80040f.pt-style-2 .page-title span:after, #ut_header_69fb24f80040f.pt-style-2 .parallax-title span:after, #ut_header_69fb24f80040f.pt-style-2 .section-title span:after { background-color:#0c4f89 !important;}<\/style><header id=\"ut_header_69fb24f80040f\" class=\"page-header page-title-module  ut-no-title-linebreak-mobile ut-no-lead-linebreak-mobile pt-style-2 header-left header-tablet-left header-mobile-center\"><h1 data-title=\"Tournage sous-marin\"  data-responsive-font=\"page_title\" data-responsive-font-settings=\"{&quot;base-font-size&quot;:&quot;40&quot;,&quot;font-size-unit&quot;:&quot;px&quot;,&quot;font-size&quot;:{&quot;desktop_large&quot;:&quot;40&quot;},&quot;base-line-height&quot;:&quot;global&quot;,&quot;base-letter-spacing&quot;:&quot;global&quot;,&quot;letter-spacing&quot;:{&quot;desktop_large&quot;:&quot;-0.05&quot;}}\" class=\"page-title  \"><span>Tournage sous-marin<\/span><\/h1><\/header><\/div><div class=\"wpb_content_element \"><style type=\"text\/css\">#ut_vs_69fb24f800b4e.ut-shortcode-video-wrap .ut-video-module-caption-text span { font-weight: bold; }#ut_vs_69fb24f800b4e.ut-shortcode-video-wrap .ut-video-module-caption-text i { color: #ffffff; }#ut_vs_69fb24f800b4e.ut-shortcode-video-wrap .ut-video-module-play-icon { background: #204f81; }<\/style><div id=\"ut_vs_69fb24f800b4e\" class=\"ut-shortcode-video-wrap  ut-shortcode-video-wrap-tablet- ut-shortcode-video-wrap-mobile- clearfix\" ><div id=\"ut_reveal_69fb24f800b4f\"  class=\"ut-video-module \"><div class=\"ut-video-module-caption \"><a class=\"ut-load-video \" data-source=\"youtube\" data-autoplay=\"0\" data-nonce=\"2eac38d396\" data-location=\"inline\"   data-video=\"https:\/\/www.youtube.com\/watch?v=bckxY54N-iI&amp;list=PL2949U1sQM5CS9l7TD07Wk8MMzBdgYJld&amp;index=6&amp;ab_channel=HEOSMarine\" data-html=\"#ut_vid_69fb24f800b9a\"><img loading=\"lazy\" decoding=\"async\" class=\"ut-lozad\" src=\"data:image\/svg+xml;charset=utf-8,%3Csvg xmlns%3D'http%3A%2F%2Fwww.w3.org%2F2000%2Fsvg' viewBox%3D'0 0 1280 720'%2F%3E\" data-src=\"\/\/i.ytimg.com\/vi\/bckxY54N-iI\/maxresdefault.jpg\" width=\"1280\" height=\"720\"><div class=\"ut-video-module-caption-text\"><div class=\"ut-video-module-inner-caption-text ut-video-module-empty-caption ut-video-module-caption-position-default\"><div class=\"ut-video-module-play-icon \"><i class=\"fa fa-play\" aria-hidden=\"true\"><\/i><\/div><\/div><\/div><\/a><\/div><div class=\"ut-video-module-loading\"><div class=\"ut-image-gallery-loader\"><div class=\"ut-image-gallery-loader-inner\"><\/div><\/div><\/div><\/div><\/div><\/div><style type=\"text\/css\">#bklyn_btn_69fb24f800be6 .bklyn-btn { background-color:#084f86 !important; }<\/style><div id=\"bklyn_btn_69fb24f800be6\" class=\"bklyn-btn-holder  bklyn-btn-center bklyn-btn-tablet-center bklyn-btn-mobile-center\"><a title=\"\"   href=\"https:\/\/heos-marine.com\/index.php\/portfolio-item\/underwater\/\" target=\"_self\" class=\"bklyn-btn  bklyn-btn-icon-left bklyn-btn-normal\" ><i class=\"fa fa-plus-circle\"><\/i><span class=\"ut-btn-text\">En savoir plus<\/span><\/a><\/div>[\/vc_column_inner][vc_column_inner width=\u00a0\u00bb1\/2&Prime;]<div class=\"wpb_content_element \"><style type=\"text\/css\">#ut_header_69fb24f800f92 h1.page-title { font-size:40px !important;letter-spacing:-0.05em; }#ut_header_69fb24f800f92.pt-style-2 .page-title span:after, #ut_header_69fb24f800f92.pt-style-2 .parallax-title span:after, #ut_header_69fb24f800f92.pt-style-2 .section-title span:after { background-color:#0c4f89 !important;}<\/style><header id=\"ut_header_69fb24f800f92\" class=\"page-header page-title-module  ut-no-title-linebreak-mobile ut-no-lead-linebreak-mobile pt-style-2 header-left header-tablet-left header-mobile-center\"><h1 data-title=\"Drone\"  data-responsive-font=\"page_title\" data-responsive-font-settings=\"{&quot;base-font-size&quot;:&quot;40&quot;,&quot;font-size-unit&quot;:&quot;px&quot;,&quot;font-size&quot;:{&quot;desktop_large&quot;:&quot;40&quot;},&quot;base-line-height&quot;:&quot;global&quot;,&quot;base-letter-spacing&quot;:&quot;global&quot;,&quot;letter-spacing&quot;:{&quot;desktop_large&quot;:&quot;-0.05&quot;}}\" class=\"page-title  \"><span>Drone<\/span><\/h1><\/header><\/div><div class=\"wpb_content_element \"><style type=\"text\/css\">#ut_vs_69fb24f80165e.ut-shortcode-video-wrap .ut-video-module-caption-text span { font-weight: bold; }<\/style><div id=\"ut_vs_69fb24f80165e\" class=\"ut-shortcode-video-wrap  ut-shortcode-video-wrap-tablet- ut-shortcode-video-wrap-mobile- clearfix\" ><div id=\"ut_reveal_69fb24f80165f\"  class=\"ut-video-module \"><div class=\"ut-video-module-caption \"><a class=\"ut-load-video \" data-source=\"youtube\" data-autoplay=\"0\" data-nonce=\"2eac38d396\" data-location=\"inline\"   data-video=\"https:\/\/www.youtube.com\/watch?v=2FX-L-RXymA&amp;list=PL2949U1sQM5CS9l7TD07Wk8MMzBdgYJld&amp;index=6&amp;ab_channel=HEOSMarine\" data-html=\"#ut_vid_69fb24f80167a\"><img loading=\"lazy\" decoding=\"async\" class=\"ut-lozad\" src=\"data:image\/svg+xml;charset=utf-8,%3Csvg xmlns%3D'http%3A%2F%2Fwww.w3.org%2F2000%2Fsvg' viewBox%3D'0 0 1280 720'%2F%3E\" data-src=\"\/\/i.ytimg.com\/vi\/2FX-L-RXymA\/maxresdefault.jpg\" width=\"1280\" height=\"720\"><div class=\"ut-video-module-caption-text\"><div class=\"ut-video-module-inner-caption-text ut-video-module-empty-caption ut-video-module-caption-position-default\"><div class=\"ut-video-module-play-icon \"><i class=\"Bklyn-Core-Right-6\" aria-hidden=\"true\"><\/i><\/div><\/div><\/div><\/a><\/div><div class=\"ut-video-module-loading\"><div class=\"ut-image-gallery-loader\"><div class=\"ut-image-gallery-loader-inner\"><\/div><\/div><\/div><\/div><\/div><\/div><style type=\"text\/css\">#bklyn_btn_69fb24f8016a2 .bklyn-btn { background-color:#084f86 !important; }<\/style><div id=\"bklyn_btn_69fb24f8016a2\" class=\"bklyn-btn-holder  bklyn-btn-center bklyn-btn-tablet-center bklyn-btn-mobile-center\"><a title=\"\"   href=\"https:\/\/heos-marine.com\/index.php\/portfolio-item\/drone\/\" target=\"_self\" class=\"bklyn-btn  bklyn-btn-icon-left bklyn-btn-normal\" ><i class=\"fa fa-plus-circle\"><\/i><span class=\"ut-btn-text\">En savoir plus<\/span><\/a><\/div>[\/vc_column_inner][\/vc_row_inner][\/vc_column][\/vc_row][vc_row css=\u00a0\u00bb.vc_custom_1677223856721{margin-top: 0px !important;margin-bottom: 0px !important;border-top-width: 0px !important;border-bottom-width: 0px !important;padding-top: 60px !important;padding-bottom: 60px !important;}\u00a0\u00bb][vc_column]<div class=\"wpb_content_element \"><style type=\"text\/css\">#ut_header_69fb24f80194b h1.page-title { font-size:40px !important;letter-spacing:-0.05em; }#ut_header_69fb24f80194b.pt-style-2 .page-title span:after, #ut_header_69fb24f80194b.pt-style-2 .parallax-title span:after, #ut_header_69fb24f80194b.pt-style-2 .section-title span:after { background-color:#0c4f89 !important;}<\/style><header id=\"ut_header_69fb24f80194b\" class=\"page-header page-title-module div-2 ut-no-title-linebreak-mobile ut-no-lead-linebreak-mobile pt-style-2 header-left header-tablet-left header-mobile-center\"><h1 data-title=\"Accompagnement des \u00e9quipes de tournage\"  data-responsive-font=\"page_title\" data-responsive-font-settings=\"{&quot;base-font-size&quot;:&quot;40&quot;,&quot;font-size-unit&quot;:&quot;px&quot;,&quot;font-size&quot;:{&quot;desktop_large&quot;:&quot;40&quot;},&quot;base-line-height&quot;:&quot;global&quot;,&quot;base-letter-spacing&quot;:&quot;global&quot;,&quot;letter-spacing&quot;:{&quot;desktop_large&quot;:&quot;-0.05&quot;}}\" class=\"page-title  \"><span>Accompagnement des \u00e9quipes de tournage<\/span><\/h1><div data-delay=\"0\" class=\"lead \"><p>Notre accompagnons les \u00e9quipes de production audiovisuelle sur le terrain\u00a0: r\u00e9alisation des d\u00e9marches coutumi\u00e8res et administratives, rep\u00e9rage des sites \u00e0 filmer et des personnes \u00e0 interviewer, logistique.<\/p>\n<p>Ces d\u00e9marches, que nous r\u00e9alisons en amont, vous permettent de gagner du temps lors de vos tournages.<\/p>\n<p>Pour tout demande de prestation ou d\u2019achat de s\u00e9quences vid\u00e9o, n\u2019h\u00e9sitez pas \u00e0 nous consulter.<\/p>\n<\/div><\/header><\/div>[vc_row_inner gap=\u00a0\u00bb15&Prime;][vc_column_inner width=\u00a0\u00bb1\/3&Prime;]<div  class=\"wpb_content_element   clearfix\"><style type=\"text\/css\">#ut_am_69fb24f8027c9 { opacity: 1; }#ut_am_wrap_69fb24f8027ca .ut-image-gallery-item-caption-title h3 { letter-spacing: -0.03em; }#ut_am_wrap_69fb24f8027ca .ut-gallery-slider-caption { font-weight: bold; }#ut_am_wrap_69fb24f8027ca { text-align: left; }@media (min-width: 768px) and (max-width: 1024px) { #ut_am_wrap_69fb24f8027ca { text-align: left !important; } }@media (max-width: 767px) { #ut_am_wrap_69fb24f8027ca { text-align: center !important; } }<\/style><div id=\"ut_am_wrap_69fb24f8027ca\" class=\"ut-image-gallery-image \"><div id=\"ut_reveal_69fb24f8027cb\"  data-appear-top-offset=\"auto\" class=\"ut-animated-image-item ut-image-gallery-item ut-animation-done \"><a data-exthumbimage=\"https:\/\/heos-marine.com\/wp-content\/uploads\/2023\/02\/REF201912078946.Nicolas_Job-200x200.jpg\" href=\"https:\/\/heos-marine.com\/wp-content\/uploads\/2023\/02\/REF201912078946.Nicolas_Job-1079x720.jpg\" class=\"ut-vc-images-lightbox ut-wait-for-plugin\" ><div class=\"ut-animated-image-zoom\"><img loading=\"lazy\" decoding=\"async\" class=\"ut-lazy skip-lazy ut-animated-image \"  id=\"ut_am_69fb24f8027c9\" src=\"data:image\/svg+xml;charset=utf-8,%3Csvg xmlns%3D'http%3A%2F%2Fwww.w3.org%2F2000%2Fsvg' viewBox%3D'0 0 7952 5304'%2F%3E\" data-src=\"https:\/\/heos-marine.com\/wp-content\/uploads\/2023\/02\/REF201912078946.Nicolas_Job.jpg\" width=\"7952\" height=\"5304\" alt=\"\"\/><\/div><\/a><\/div><\/div><\/div>[\/vc_column_inner][vc_column_inner width=\u00a0\u00bb1\/3&Prime;]<div  class=\"wpb_content_element   clearfix\"><style type=\"text\/css\">#ut_am_69fb24f804005 { opacity: 1; }#ut_am_wrap_69fb24f804006 .ut-image-gallery-item-caption-title h3 { letter-spacing: -0.03em; }#ut_am_wrap_69fb24f804006 .ut-gallery-slider-caption { font-weight: bold; }#ut_am_wrap_69fb24f804006 { text-align: left; }@media (min-width: 768px) and (max-width: 1024px) { #ut_am_wrap_69fb24f804006 { text-align: left !important; } }@media (max-width: 767px) { #ut_am_wrap_69fb24f804006 { text-align: center !important; } }<\/style><div id=\"ut_am_wrap_69fb24f804006\" class=\"ut-image-gallery-image \"><div id=\"ut_reveal_69fb24f804007\"  data-appear-top-offset=\"auto\" class=\"ut-animated-image-item ut-image-gallery-item ut-animation-done \"><a data-exthumbimage=\"https:\/\/heos-marine.com\/wp-content\/uploads\/2023\/02\/REF202203047677.Nicolas_Job-200x200.jpg\" href=\"https:\/\/heos-marine.com\/wp-content\/uploads\/2023\/02\/REF202203047677.Nicolas_Job-1079x720.jpg\" class=\"ut-vc-images-lightbox ut-wait-for-plugin\" ><div class=\"ut-animated-image-zoom\"><img loading=\"lazy\" decoding=\"async\" class=\"ut-lazy skip-lazy ut-animated-image \"  id=\"ut_am_69fb24f804005\" src=\"data:image\/svg+xml;charset=utf-8,%3Csvg xmlns%3D'http%3A%2F%2Fwww.w3.org%2F2000%2Fsvg' viewBox%3D'0 0 7952 5304'%2F%3E\" data-src=\"https:\/\/heos-marine.com\/wp-content\/uploads\/2023\/02\/REF202203047677.Nicolas_Job.jpg\" width=\"7952\" height=\"5304\" alt=\"\"\/><\/div><\/a><\/div><\/div><\/div>[\/vc_column_inner][vc_column_inner width=\u00a0\u00bb1\/3&Prime;]<div  class=\"wpb_content_element   clearfix\"><style type=\"text\/css\">#ut_am_69fb24f804cd9 { opacity: 1; }#ut_am_wrap_69fb24f804cda .ut-image-gallery-item-caption-title h3 { letter-spacing: -0.03em; }#ut_am_wrap_69fb24f804cda .ut-gallery-slider-caption { font-weight: bold; }#ut_am_wrap_69fb24f804cda { text-align: left; }@media (min-width: 768px) and (max-width: 1024px) { #ut_am_wrap_69fb24f804cda { text-align: left !important; } }@media (max-width: 767px) { #ut_am_wrap_69fb24f804cda { text-align: center !important; } }<\/style><div id=\"ut_am_wrap_69fb24f804cda\" class=\"ut-image-gallery-image \"><div id=\"ut_reveal_69fb24f804cdb\"  data-appear-top-offset=\"auto\" class=\"ut-animated-image-item ut-image-gallery-item ut-animation-done \"><a data-exthumbimage=\"https:\/\/heos-marine.com\/wp-content\/uploads\/2023\/02\/REF202203078433.Nicolas_Job-200x200.jpg\" href=\"https:\/\/heos-marine.com\/wp-content\/uploads\/2023\/02\/REF202203078433.Nicolas_Job-1078x720.jpg\" class=\"ut-vc-images-lightbox ut-wait-for-plugin\" ><div class=\"ut-animated-image-zoom\"><img loading=\"lazy\" decoding=\"async\" class=\"ut-lazy skip-lazy ut-animated-image \"  id=\"ut_am_69fb24f804cd9\" src=\"data:image\/svg+xml;charset=utf-8,%3Csvg xmlns%3D'http%3A%2F%2Fwww.w3.org%2F2000%2Fsvg' viewBox%3D'0 0 1920 1282'%2F%3E\" data-src=\"https:\/\/heos-marine.com\/wp-content\/uploads\/2023\/02\/REF202203078433.Nicolas_Job.jpg\" width=\"1920\" height=\"1282\" alt=\"\"\/><\/div><\/a><\/div><\/div><\/div>[\/vc_column_inner][\/vc_row_inner][\/vc_column][\/vc_row][\/vc_section]<\/p>\n<\/div>","protected":false},"excerpt":{"rendered":"<p>[vc_section css=\u00a0\u00bb.vc_custom_1678418427985{padding-top: 60px !important;padding-bottom: 0px !important;}\u00a0\u00bb el_id=\u00a0\u00bbfilmsetphotographies\u00a0\u00bb el_name=\u00a0\u00bb#filmsetphotographies\u00a0\u00bb][vc_row css=\u00a0\u00bb.vc_custom_1677224314797{margin-top: 0px !important;margin-bottom: 0px !important;border-top-width: 0px !important;border-bottom-width: 0px !important;padding-top: 40px !important;padding-bottom: 60px !important;}\u00a0\u00bb][vc_column][vc_row_inner gap=\u00a0\u00bb15&Prime;][vc_column_inner width=\u00a0\u00bb1\/3&Prime;][\/vc_column_inner][vc_column_inner width=\u00a0\u00bb1\/3&Prime;][\/vc_column_inner][vc_column_inner width=\u00a0\u00bb1\/3&Prime;][\/vc_column_inner][\/vc_row_inner][\/vc_column][\/vc_row][vc_row css=\u00a0\u00bb.vc_custom_1677223837862{margin-top: 0px !important;margin-bottom: 0px !important;border-top-width: 0px !important;border-bottom-width: 0px !important;padding-top: 60px !important;padding-bottom: 60px !important;background-color: #e2e2e2 !important;}\u00a0\u00bb][vc_column][vc_row_inner gap=\u00a0\u00bb15&Prime;][vc_column_inner width=\u00a0\u00bb1\/2&Prime;][\/vc_column_inner][vc_column_inner width=\u00a0\u00bb1\/2&Prime;][\/vc_column_inner][\/vc_row_inner][\/vc_column][\/vc_row][vc_row css=\u00a0\u00bb.vc_custom_1677223856721{margin-top: 0px !important;margin-bottom: 0px !important;border-top-width: 0px !important;border-bottom-width: 0px !important;padding-top: 60px !important;padding-bottom: 60px [&hellip;]<\/p>\n","protected":false},"author":1,"featured_media":0,"parent":0,"menu_order":0,"comment_status":"closed","ping_status":"closed","template":"","meta":{"footnotes":""},"class_list":["post-4161","page","type-page","status-publish","hentry"],"_links":{"self":[{"href":"https:\/\/heos-marine.com\/index.php\/wp-json\/wp\/v2\/pages\/4161","targetHints":{"allow":["GET"]}}],"collection":[{"href":"https:\/\/heos-marine.com\/index.php\/wp-json\/wp\/v2\/pages"}],"about":[{"href":"https:\/\/heos-marine.com\/index.php\/wp-json\/wp\/v2\/types\/page"}],"author":[{"embeddable":true,"href":"https:\/\/heos-marine.com\/index.php\/wp-json\/wp\/v2\/users\/1"}],"replies":[{"embeddable":true,"href":"https:\/\/heos-marine.com\/index.php\/wp-json\/wp\/v2\/comments?post=4161"}],"version-history":[{"count":214,"href":"https:\/\/heos-marine.com\/index.php\/wp-json\/wp\/v2\/pages\/4161\/revisions"}],"predecessor-version":[{"id":6065,"href":"https:\/\/heos-marine.com\/index.php\/wp-json\/wp\/v2\/pages\/4161\/revisions\/6065"}],"wp:attachment":[{"href":"https:\/\/heos-marine.com\/index.php\/wp-json\/wp\/v2\/media?parent=4161"}],"curies":[{"name":"wp","href":"https:\/\/api.w.org\/{rel}","templated":true}]}}